{"id":39,"date":"2017-03-13T13:20:08","date_gmt":"2017-03-13T13:20:08","guid":{"rendered":"http:\/\/salon-batavis.de\/?page_id=39"},"modified":"2017-03-13T13:20:08","modified_gmt":"2017-03-13T13:20:08","slug":"veranstaltungsort","status":"publish","type":"page","link":"https:\/\/salon-batavis.de\/?page_id=39","title":{"rendered":"Veranstaltungsort"},"content":{"rendered":"<h3 style=\"text-align: center;\">Universit\u00e4t Passau \u2013 Audimax<br \/>\nFreitag, 24.03.2017 \u2013 20.00 Uhr<br \/>\nEingang: Innstra\u00dfe 31<\/h3>\n<p style=\"text-align: center;\"><img loading=\"lazy\" decoding=\"async\" class=\"alignnone wp-image-40 size-large\" src=\"https:\/\/salon-batavis.de\/wp-content\/uploads\/2017\/03\/map-700x580.jpg\" alt=\"\" width=\"700\" height=\"580\" srcset=\"https:\/\/salon-batavis.de\/wp-content\/uploads\/2017\/03\/map-700x580.jpg 700w, https:\/\/salon-batavis.de\/wp-content\/uploads\/2017\/03\/map-300x248.jpg 300w, https:\/\/salon-batavis.de\/wp-content\/uploads\/2017\/03\/map-768x636.jpg 768w, https:\/\/salon-batavis.de\/wp-content\/uploads\/2017\/03\/map-800x662.jpg 800w, https:\/\/salon-batavis.de\/wp-content\/uploads\/2017\/03\/map.jpg 936w\" sizes=\"auto, (max-width: 700px) 100vw, 700px\" \/><\/p>\n<p style=\"text-align: center;\">Wichtiger Hinweis:<br \/>\nAn der Uni Passau, insb. vor dem Audimax finden Sie<br \/>\nkeine Parkpl\u00e4tze. Der Fu\u00dfweg vom Shell-Parkhaus<br \/>\nZentralgarage betr\u00e4gt etwa 1 km.<\/p>\n","protected":false},"excerpt":{"rendered":"<p>Universit\u00e4t Passau \u2013 Audimax Freitag, 24.03.2017 \u2013 20.00 Uhr Eingang: Innstra\u00dfe 31 Wichtiger Hinweis: An der Uni Passau, insb. vor dem Audimax finden Sie keine Parkpl\u00e4tze. Der Fu\u00dfweg vom Shell-Parkhaus Zentralgarage betr\u00e4gt etwa 1 km.<\/p>\n","protected":false},"author":1,"featured_media":0,"parent":0,"menu_order":0,"comment_status":"closed","ping_status":"closed","template":"","meta":{"footnotes":""},"class_list":["post-39","page","type-page","status-publish","hentry"],"yoast_head":"<!-- This site is optimized with the Yoast SEO plugin v27.5 - https:\/\/yoast.com\/product\/yoast-seo-wordpress\/ -->\n<title>Veranstaltungsort - Wege in eine neue Gesellschaft<\/title>\n<meta name=\"robots\" content=\"index, follow, max-snippet:-1, max-image-preview:large, max-video-preview:-1\" \/>\n<link rel=\"canonical\" href=\"https:\/\/salon-batavis.de\/?page_id=39\" \/>\n<meta property=\"og:locale\" content=\"de_DE\" \/>\n<meta property=\"og:type\" content=\"article\" \/>\n<meta property=\"og:title\" content=\"Veranstaltungsort - Wege in eine neue Gesellschaft\" \/>\n<meta property=\"og:description\" content=\"Universit\u00e4t Passau \u2013 Audimax Freitag, 24.03.2017 \u2013 20.00 Uhr Eingang: Innstra\u00dfe 31 Wichtiger Hinweis: An der Uni Passau, insb. vor dem Audimax finden Sie keine Parkpl\u00e4tze. Der Fu\u00dfweg vom Shell-Parkhaus Zentralgarage betr\u00e4gt etwa 1 km.\" \/>\n<meta property=\"og:url\" content=\"https:\/\/salon-batavis.de\/?page_id=39\" \/>\n<meta property=\"og:site_name\" content=\"Wege in eine neue Gesellschaft\" \/>\n<meta property=\"og:image\" content=\"http:\/\/salon-batavis.de\/wp-content\/uploads\/2017\/03\/map-700x580.jpg\" \/>\n<meta name=\"twitter:card\" content=\"summary_large_image\" \/>\n<script type=\"application\/ld+json\" class=\"yoast-schema-graph\">{\"@context\":\"https:\\\/\\\/schema.org\",\"@graph\":[{\"@type\":\"WebPage\",\"@id\":\"https:\\\/\\\/salon-batavis.de\\\/?page_id=39\",\"url\":\"https:\\\/\\\/salon-batavis.de\\\/?page_id=39\",\"name\":\"Veranstaltungsort - Wege in eine neue Gesellschaft\",\"isPartOf\":{\"@id\":\"https:\\\/\\\/salon-batavis.de\\\/#website\"},\"primaryImageOfPage\":{\"@id\":\"https:\\\/\\\/salon-batavis.de\\\/?page_id=39#primaryimage\"},\"image\":{\"@id\":\"https:\\\/\\\/salon-batavis.de\\\/?page_id=39#primaryimage\"},\"thumbnailUrl\":\"http:\\\/\\\/salon-batavis.de\\\/wp-content\\\/uploads\\\/2017\\\/03\\\/map-700x580.jpg\",\"datePublished\":\"2017-03-13T13:20:08+00:00\",\"breadcrumb\":{\"@id\":\"https:\\\/\\\/salon-batavis.de\\\/?page_id=39#breadcrumb\"},\"inLanguage\":\"de\",\"potentialAction\":[{\"@type\":\"ReadAction\",\"target\":[\"https:\\\/\\\/salon-batavis.de\\\/?page_id=39\"]}]},{\"@type\":\"ImageObject\",\"inLanguage\":\"de\",\"@id\":\"https:\\\/\\\/salon-batavis.de\\\/?page_id=39#primaryimage\",\"url\":\"http:\\\/\\\/salon-batavis.de\\\/wp-content\\\/uploads\\\/2017\\\/03\\\/map-700x580.jpg\",\"contentUrl\":\"http:\\\/\\\/salon-batavis.de\\\/wp-content\\\/uploads\\\/2017\\\/03\\\/map-700x580.jpg\"},{\"@type\":\"BreadcrumbList\",\"@id\":\"https:\\\/\\\/salon-batavis.de\\\/?page_id=39#breadcrumb\",\"itemListElement\":[{\"@type\":\"ListItem\",\"position\":1,\"name\":\"Home\",\"item\":\"https:\\\/\\\/salon-batavis.de\\\/\"},{\"@type\":\"ListItem\",\"position\":2,\"name\":\"Veranstaltungsort\"}]},{\"@type\":\"WebSite\",\"@id\":\"https:\\\/\\\/salon-batavis.de\\\/#website\",\"url\":\"https:\\\/\\\/salon-batavis.de\\\/\",\"name\":\"Wege in eine neue Gesellschaft\",\"description\":\"Freitag, 24.03, 20:00 Uhr, Uni Passau Audimax - Vortrag von Gregor Gysi\",\"potentialAction\":[{\"@type\":\"SearchAction\",\"target\":{\"@type\":\"EntryPoint\",\"urlTemplate\":\"https:\\\/\\\/salon-batavis.de\\\/?s={search_term_string}\"},\"query-input\":{\"@type\":\"PropertyValueSpecification\",\"valueRequired\":true,\"valueName\":\"search_term_string\"}}],\"inLanguage\":\"de\"}]}<\/script>\n<!-- \/ Yoast SEO plugin. -->","yoast_head_json":{"title":"Veranstaltungsort - Wege in eine neue Gesellschaft","robots":{"index":"index","follow":"follow","max-snippet":"max-snippet:-1","max-image-preview":"max-image-preview:large","max-video-preview":"max-video-preview:-1"},"canonical":"https:\/\/salon-batavis.de\/?page_id=39","og_locale":"de_DE","og_type":"article","og_title":"Veranstaltungsort - Wege in eine neue Gesellschaft","og_description":"Universit\u00e4t Passau \u2013 Audimax Freitag, 24.03.2017 \u2013 20.00 Uhr Eingang: Innstra\u00dfe 31 Wichtiger Hinweis: An der Uni Passau, insb. vor dem Audimax finden Sie keine Parkpl\u00e4tze. Der Fu\u00dfweg vom Shell-Parkhaus Zentralgarage betr\u00e4gt etwa 1 km.","og_url":"https:\/\/salon-batavis.de\/?page_id=39","og_site_name":"Wege in eine neue Gesellschaft","og_image":[{"url":"http:\/\/salon-batavis.de\/wp-content\/uploads\/2017\/03\/map-700x580.jpg","type":"","width":"","height":""}],"twitter_card":"summary_large_image","schema":{"@context":"https:\/\/schema.org","@graph":[{"@type":"WebPage","@id":"https:\/\/salon-batavis.de\/?page_id=39","url":"https:\/\/salon-batavis.de\/?page_id=39","name":"Veranstaltungsort - Wege in eine neue Gesellschaft","isPartOf":{"@id":"https:\/\/salon-batavis.de\/#website"},"primaryImageOfPage":{"@id":"https:\/\/salon-batavis.de\/?page_id=39#primaryimage"},"image":{"@id":"https:\/\/salon-batavis.de\/?page_id=39#primaryimage"},"thumbnailUrl":"http:\/\/salon-batavis.de\/wp-content\/uploads\/2017\/03\/map-700x580.jpg","datePublished":"2017-03-13T13:20:08+00:00","breadcrumb":{"@id":"https:\/\/salon-batavis.de\/?page_id=39#breadcrumb"},"inLanguage":"de","potentialAction":[{"@type":"ReadAction","target":["https:\/\/salon-batavis.de\/?page_id=39"]}]},{"@type":"ImageObject","inLanguage":"de","@id":"https:\/\/salon-batavis.de\/?page_id=39#primaryimage","url":"http:\/\/salon-batavis.de\/wp-content\/uploads\/2017\/03\/map-700x580.jpg","contentUrl":"http:\/\/salon-batavis.de\/wp-content\/uploads\/2017\/03\/map-700x580.jpg"},{"@type":"BreadcrumbList","@id":"https:\/\/salon-batavis.de\/?page_id=39#breadcrumb","itemListElement":[{"@type":"ListItem","position":1,"name":"Home","item":"https:\/\/salon-batavis.de\/"},{"@type":"ListItem","position":2,"name":"Veranstaltungsort"}]},{"@type":"WebSite","@id":"https:\/\/salon-batavis.de\/#website","url":"https:\/\/salon-batavis.de\/","name":"Wege in eine neue Gesellschaft","description":"Freitag, 24.03, 20:00 Uhr, Uni Passau Audimax - Vortrag von Gregor Gysi","potentialAction":[{"@type":"SearchAction","target":{"@type":"EntryPoint","urlTemplate":"https:\/\/salon-batavis.de\/?s={search_term_string}"},"query-input":{"@type":"PropertyValueSpecification","valueRequired":true,"valueName":"search_term_string"}}],"inLanguage":"de"}]}},"_links":{"self":[{"href":"https:\/\/salon-batavis.de\/index.php?rest_route=\/wp\/v2\/pages\/39","targetHints":{"allow":["GET"]}}],"collection":[{"href":"https:\/\/salon-batavis.de\/index.php?rest_route=\/wp\/v2\/pages"}],"about":[{"href":"https:\/\/salon-batavis.de\/index.php?rest_route=\/wp\/v2\/types\/page"}],"author":[{"embeddable":true,"href":"https:\/\/salon-batavis.de\/index.php?rest_route=\/wp\/v2\/users\/1"}],"replies":[{"embeddable":true,"href":"https:\/\/salon-batavis.de\/index.php?rest_route=%2Fwp%2Fv2%2Fcomments&post=39"}],"version-history":[{"count":1,"href":"https:\/\/salon-batavis.de\/index.php?rest_route=\/wp\/v2\/pages\/39\/revisions"}],"predecessor-version":[{"id":41,"href":"https:\/\/salon-batavis.de\/index.php?rest_route=\/wp\/v2\/pages\/39\/revisions\/41"}],"wp:attachment":[{"href":"https:\/\/salon-batavis.de\/index.php?rest_route=%2Fwp%2Fv2%2Fmedia&parent=39"}],"curies":[{"name":"wp","href":"https:\/\/api.w.org\/{rel}","templated":true}]}}